{"id":2510,"date":"2023-08-07T10:21:41","date_gmt":"2023-08-07T10:21:41","guid":{"rendered":"https:\/\/helenefuerteventura.com\/politica-de-privacidad\/"},"modified":"2026-03-02T10:52:41","modified_gmt":"2026-03-02T10:52:41","slug":"politique-de-confidentialite","status":"publish","type":"page","link":"https:\/\/helenefuerteventura.com\/fr\/politique-de-confidentialite\/","title":{"rendered":"Politique de confidentialit\u00e9"},"content":{"rendered":"\t\t<div data-elementor-type=\"wp-page\" data-elementor-id=\"2510\" class=\"elementor elementor-2510 elementor-45\">\n\t\t\t\t\t\t<section class=\"elementor-section elementor-top-section elementor-element elementor-element-c2fec42 elementor-section-content-middle elementor-section-height-min-height elementor-section-boxed elementor-section-height-default elementor-section-items-middle\" data-id=\"c2fec42\" data-element_type=\"section\" data-e-type=\"section\" data-settings=\"{&quot;background_background&quot;:&quot;classic&quot;}\">\n\t\t\t\t\t\t\t<div class=\"elementor-background-overlay\"><\/div>\n\t\t\t\t\t\t\t<div class=\"elementor-container elementor-column-gap-default\">\n\t\t\t\t\t<div class=\"elementor-column elementor-col-100 elementor-top-column elementor-element elementor-element-58eb331\" data-id=\"58eb331\" data-element_type=\"column\" data-e-type=\"column\">\n\t\t\t<div class=\"elementor-widget-wrap elementor-element-populated\">\n\t\t\t\t\t\t<div class=\"elementor-element elementor-element-8619963 elementor-icon-list--layout-inline elementor-align-center elementor-list-item-link-full_width elementor-widget elementor-widget-icon-list\" data-id=\"8619963\" data-element_type=\"widget\" data-e-type=\"widget\" data-widget_type=\"icon-list.default\">\n\t\t\t\t<div class=\"elementor-widget-container\">\n\t\t\t\t\t\t\t<ul class=\"elementor-icon-list-items elementor-inline-items\">\n\t\t\t\t\t\t\t<li class=\"elementor-icon-list-item elementor-inline-item\">\n\t\t\t\t\t\t\t\t\t\t\t<a href=\"\/fr\/\">\n\n\t\t\t\t\t\t\t\t\t\t\t<span class=\"elementor-icon-list-text\">Home<\/span>\n\t\t\t\t\t\t\t\t\t\t\t<\/a>\n\t\t\t\t\t\t\t\t\t<\/li>\n\t\t\t\t\t\t\t\t<li class=\"elementor-icon-list-item elementor-inline-item\">\n\t\t\t\t\t\t\t\t\t\t<span class=\"elementor-icon-list-text\">\/<\/span>\n\t\t\t\t\t\t\t\t\t<\/li>\n\t\t\t\t\t\t\t\t<li class=\"elementor-icon-list-item elementor-inline-item\">\n\t\t\t\t\t\t\t\t\t\t<span class=\"elementor-icon-list-text\">Politique de confidentialit\u00e9<\/span>\n\t\t\t\t\t\t\t\t\t<\/li>\n\t\t\t\t\t\t<\/ul>\n\t\t\t\t\t\t<\/div>\n\t\t\t\t<\/div>\n\t\t\t\t<div class=\"elementor-element elementor-element-0e9117a elementor-invisible elementor-widget elementor-widget-heading\" data-id=\"0e9117a\" data-element_type=\"widget\" data-e-type=\"widget\" data-settings=\"{&quot;_animation&quot;:&quot;fadeInUp&quot;}\" data-widget_type=\"heading.default\">\n\t\t\t\t<div class=\"elementor-widget-container\">\n\t\t\t\t\t<h1 class=\"elementor-heading-title elementor-size-default\">Politique de confidentialit\u00e9<\/h1>\t\t\t\t<\/div>\n\t\t\t\t<\/div>\n\t\t\t\t<div class=\"elementor-element elementor-element-1c0c612 elementor-widget elementor-widget-text-editor\" data-id=\"1c0c612\" data-element_type=\"widget\" data-e-type=\"widget\" data-widget_type=\"text-editor.default\">\n\t\t\t\t<div class=\"elementor-widget-container\">\n\t\t\t\t\t\t\t\t\t<p>Politique de confidentialit\u00e9 du site web de l&rsquo;h\u00f4tel Boutique H\u00e9l\u00e8ne Fuerteventura<\/p>\t\t\t\t\t\t\t\t<\/div>\n\t\t\t\t<\/div>\n\t\t\t\t\t<\/div>\n\t\t<\/div>\n\t\t\t\t\t<\/div>\n\t\t<\/section>\n\t\t\t\t<section class=\"elementor-section elementor-top-section elementor-element elementor-element-9fa9b67 elementor-section-boxed elementor-section-height-default elementor-section-height-default\" data-id=\"9fa9b67\" data-element_type=\"section\" data-e-type=\"section\">\n\t\t\t\t\t\t<div class=\"elementor-container elementor-column-gap-default\">\n\t\t\t\t\t<div class=\"elementor-column elementor-col-100 elementor-top-column elementor-element elementor-element-a06b1d2\" data-id=\"a06b1d2\" data-element_type=\"column\" data-e-type=\"column\">\n\t\t\t<div class=\"elementor-widget-wrap elementor-element-populated\">\n\t\t\t\t\t\t<div class=\"elementor-element elementor-element-56e38ad elementor-widget elementor-widget-text-editor\" data-id=\"56e38ad\" data-element_type=\"widget\" data-e-type=\"widget\" data-widget_type=\"text-editor.default\">\n\t\t\t\t<div class=\"elementor-widget-container\">\n\t\t\t\t\t\t\t\t\t<p>Cette politique de confidentialit\u00e9 fait partie int\u00e9grante des conditions g\u00e9n\u00e9rales d&rsquo;utilisation de ce site web.<br \/><strong>Le responsable du traitement des donn\u00e9es est :<\/strong><br \/><strong>INGRID Y MAR\u00cdA, S.C.<\/strong><br \/>Adresse : C\/ Poris, n\u00ba 10, Corralejo, 35660, La Oliva, Fuerteventura.<br \/>N\u00b0 TVA : J42949982<br \/>T\u00e9l\u00e9phone : +34 628181884<br \/>Courriel : info@helenefuerteventura.com<br \/>Vous pouvez nous contacter par le moyen de votre choix.<\/p><p>Nous nous r\u00e9servons le droit de modifier ou d&rsquo;adapter cette politique de confidentialit\u00e9 \u00e0 tout moment.<br \/>Nous vous recommandons de la consulter r\u00e9guli\u00e8rement. Si vous \u00eates inscrit et que vous acc\u00e9dez \u00e0 votre<br \/>compte ou \u00e0 votre profil, vous serez inform\u00e9 de toute modification.<\/p><p>Si vous appartenez \u00e0 l&rsquo;un des groupes suivants, veuillez consulter les informations ci-dessous :<\/p><h3>+ INVIT\u00c9S<\/h3><h4>\u00c0 quelles fins traitons-nous vos donn\u00e9es personnelles ?<\/h4><p>Nous vous informons que vos donn\u00e9es seront trait\u00e9es afin de g\u00e9rer votre r\u00e9servation, votre s\u00e9jour \u00e0 l&rsquo;h\u00f4tel<br \/>et de garantir le paiement des frais y aff\u00e9rents.<br \/>Vos donn\u00e9es seront communiqu\u00e9es aux forces de s\u00e9curit\u00e9 et aux corps de police conform\u00e9ment \u00e0 la<br \/>l\u00e9gislation en vigueur, ainsi qu&rsquo;aux agences de voyages ou aux op\u00e9rateurs concern\u00e9s.<br \/>Les donn\u00e9es seront conserv\u00e9es pendant une dur\u00e9e minimale de 6 ans, conform\u00e9ment \u00e0 la r\u00e9glementation<br \/>fiscale, commerciale, de protection des consommateurs et d&rsquo;enregistrement des voyageurs.<\/p><h4>Quel est le fondement juridique du traitement de vos donn\u00e9es ?<\/h4><p>Le fondement juridique est votre consentement et le respect des obligations l\u00e9gales \u00e9tablies par le d\u00e9cret<br \/>royal 393\/1974 du 18 ao\u00fbt et par l&rsquo;arr\u00eat\u00e9 INT\/1922\/2003 du 3 juillet.<\/p><h3>+ CONTACTS VIA LE SITE WEB OU PAR E-MAIL<\/h3><h4>Quelles donn\u00e9es collectons-nous via le site web ?<\/h4><p>Nous pouvons traiter votre adresse IP, le syst\u00e8me d&rsquo;exploitation et le navigateur que vous utilisez, ainsi que<br \/>la dur\u00e9e de votre visite, de mani\u00e8re anonyme.<br \/>Si vous nous fournissez des informations via le formulaire de contact, vous serez identifi\u00e9(e) afin que nous<br \/>puissions vous contacter si n\u00e9cessaire.<\/p><h4>\u00c0 quelles fins traitons-nous vos donn\u00e9es personnelles ?<\/h4><ul><li>Pour r\u00e9pondre \u00e0 vos questions, demandes ou requ\u00eates.<\/li><li>Pour g\u00e9rer le service demand\u00e9, r\u00e9pondre \u00e0 votre demande ou traiter votre requ\u00eate.<\/li><li>Pour vous fournir des informations par voie \u00e9lectronique concernant votre demande.<\/li><li>Pour vous envoyer des informations commerciales ou relatives \u00e0 des \u00e9v\u00e9nements par voie \u00e9lectronique,<br \/>sous r\u00e9serve de votre consentement explicite.<\/li><li>Pour analyser et am\u00e9liorer le site web, nos produits et services. Pour am\u00e9liorer notre strat\u00e9gie<br \/>commerciale.<\/li><\/ul><h4>Quel est le fondement juridique du traitement de vos donn\u00e9es ?<\/h4><p>L\u2019acceptation et le consentement de la personne concern\u00e9e, donn\u00e9s volontairement, par exemple en<br \/>remplissant un formulaire et en cliquant sur le bouton \u00ab Envoyer \u00bb pour soumettre une demande. Ce<br \/>faisant, vous reconnaissez avoir \u00e9t\u00e9 inform\u00e9(e) et avoir express\u00e9ment consenti au contenu de la clause<br \/>figurant sur ledit formulaire ou de la politique de confidentialit\u00e9.<br \/>Tous nos formulaires comportent un ast\u00e9risque (*) \u00e0 c\u00f4t\u00e9 des champs obligatoires. Si vous ne fournissez<br \/>pas ces informations ou si vous ne cochez pas la case pour accepter la politique de confidentialit\u00e9, vous ne<br \/>pourrez pas soumettre les informations.<\/p><h4>Combien de temps conservons-nous vos donn\u00e9es personnelles ?<\/h4><p>Jusqu\u2019\u00e0 ce que vous retiriez votre consentement.<\/p><h3>+ INSCRIPTION \u00c0 LA NEWSLETTER<\/h3><h4>Quelles donn\u00e9es collectons-nous via la newsletter ?<\/h4><p>Sur notre site web, vous pouvez vous abonner \u00e0 la newsletter en nous fournissant votre adresse e-mail, \u00e0<br \/>laquelle elle vous sera envoy\u00e9e.<br \/>Nous conservons votre adresse e-mail dans notre base de donn\u00e9es et vous envoyons des e-mails<br \/>p\u00e9riodiquement jusqu&rsquo;\u00e0 votre d\u00e9sabonnement ou jusqu&rsquo;\u00e0 ce que nous cessions de vous en envoyer.<br \/>Vous pouvez vous d\u00e9sabonner \u00e0 tout moment dans nos communications.<\/p><h4>Pour quelles finalit\u00e9s traitons-nous vos donn\u00e9es personnelles ?<\/h4><ul><li>Pour g\u00e9rer le service demand\u00e9.<\/li><li>Pour vous fournir des informations par voie \u00e9lectronique concernant votre demande.<\/li><li>Pour vous envoyer des informations commerciales ou relatives \u00e0 des \u00e9v\u00e9nements par voie \u00e9lectronique,<br \/>sous r\u00e9serve de votre consentement explicite.<\/li><li>Nous analysons et optimisons nos campagnes d&rsquo;e-mailing afin d&rsquo;am\u00e9liorer notre strat\u00e9gie commerciale.<\/li><\/ul><h4>Quel est le fondement juridique du traitement de vos donn\u00e9es ?<\/h4><p>L&rsquo;acceptation et le consentement de la personne concern\u00e9e. Pour vous abonner, vous devrez cocher une<br \/>case et cliquer sur le bouton \u00ab Envoyer \u00bb. Cela implique que vous avez \u00e9t\u00e9 inform\u00e9(e) et que vous avez<br \/>express\u00e9ment consenti \u00e0 recevoir la newsletter.<\/p><h4>Combien de temps conservons-nous vos donn\u00e9es personnelles ?<\/h4><p>Jusqu&rsquo;\u00e0 ce que vous retiriez votre consentement.<\/p><h3>+FOURNISSEURS<\/h3><h4>\u00c0 quelles fins traitons-nous vos donn\u00e9es personnelles ?<\/h4><ul><li>Informations relatives \u00e0 votre demande, transmises par voie \u00e9lectronique.<\/li><li>Informations commerciales ou relatives \u00e0 des \u00e9v\u00e9nements, transmises par voie \u00e9lectronique, sous r\u00e9serve<br \/>d\u2019une autorisation expresse.<\/li><li>Gestion des services administratifs, de communication et de logistique fournis par le responsable du<br \/>traitement.<\/li><li>Facturation.<\/li><li>R\u00e9alisation des transactions correspondantes.<\/li><li>Facturation et d\u00e9claration des taxes applicables.<\/li><li>Proc\u00e9dures de contr\u00f4le et de recouvrement.<\/li><\/ul><h4>Quel est le fondement juridique du traitement de vos donn\u00e9es ?<\/h4><p>Le fondement juridique est l\u2019acceptation d\u2019une relation contractuelle ou, \u00e0 d\u00e9faut, votre consentement<br \/>lorsque vous nous contactez ou nous proposez vos produits par quelque moyen que ce soit.<\/p><h4>Combien de temps conservons-nous vos donn\u00e9es personnelles ?<\/h4><p>Pendant toute la dur\u00e9e de la relation entre les parties et pendant la dur\u00e9e des d\u00e9lais de prescription<br \/>applicables.<\/p><h3>+WHATSAPP WEB.<\/h3><h4>Quelles donn\u00e9es collectons-nous via WhatsApp Web ?<\/h4><p>Nous pouvons traiter votre adresse IP, le syst\u00e8me d\u2019exploitation et le navigateur que vous utilisez, ainsi que<br \/>la dur\u00e9e de votre visite, de mani\u00e8re anonyme. Si vous nous fournissez des donn\u00e9es, vous serez identifi\u00e9(e)<br \/>afin que nous puissions vous contacter et r\u00e9pondre \u00e0 votre demande.<\/p><h4>\u00c0 quelles fins traitons-nous vos donn\u00e9es personnelles ?<\/h4><p>Pour r\u00e9pondre \u00e0 vos questions, demandes ou requ\u00eates.<\/p><h4>Quel est le fondement juridique du traitement de vos donn\u00e9es ?<\/h4><p>Lorsque vous nous contactez via WhatsApp Web pour demander des informations sur nos produits et\/ou<br \/>services, nous sommes autoris\u00e9s \u00e0 traiter vos donn\u00e9es sur la base de l\u2019ex\u00e9cution d\u2019un contrat ou de<br \/>mesures pr\u00e9contractuelles.<\/p><h3>+ CONTACTS SUR LES R\u00c9SEAUX SOCIAUX<\/h3><h4>\u00c0 quelles fins traitons-nous vos donn\u00e9es personnelles ?<\/h4><ul><li>Pour r\u00e9pondre \u00e0 vos questions, demandes ou requ\u00eates.<\/li><li>Pour g\u00e9rer le service demand\u00e9, r\u00e9pondre \u00e0 votre demande ou traiter votre requ\u00eate.<\/li><li>Pour interagir avec vous et d\u00e9velopper une communaut\u00e9.<\/li><\/ul><h4>Quel est le fondement juridique du traitement de vos donn\u00e9es ?<\/h4><p>Le traitement de vos donn\u00e9es repose sur<br \/>votre consentement libre et \u00e9clair\u00e9 \u00e0 \u00eatre contact\u00e9 et, le cas \u00e9ch\u00e9ant, sur votre acceptation d\u2019une relation<br \/>contractuelle au sein du r\u00e9seau social concern\u00e9. Le traitement des donn\u00e9es au sein du r\u00e9seau social sera<br \/>effectu\u00e9 conform\u00e9ment \u00e0 sa politique de confidentialit\u00e9.<\/p><h3>SURVEILLANCE VID\u00c9O<\/h3><h4>Pourquoi collectons-nous les images ?<\/h4><p>L\u2019entreprise utilise des syst\u00e8mes de vid\u00e9osurveillance uniquement pour garantir la s\u00e9curit\u00e9 des personnes<br \/>et des biens dans ses locaux, ainsi que pour pr\u00e9venir les actes criminels ou les situations \u00e0 risque.<\/p><h4>Quel est le fondement juridique du traitement ?<\/h4><p>Le traitement des images est fond\u00e9 sur l\u2019int\u00e9r\u00eat l\u00e9gitime du responsable du traitement \u00e0 garantir la s\u00e9curit\u00e9<br \/>des personnes et des biens (article 6.1.f du RGPD), sans porter atteinte aux droits et libert\u00e9s fondamentaux<br \/>des personnes concern\u00e9es.<\/p><h4>\u00c0 qui vos images seront-elles communiqu\u00e9es ?<\/h4><p>Les enregistrements sont conserv\u00e9s par l\u2019entreprise et ne peuvent \u00eatre communiqu\u00e9s aux autorit\u00e9s<br \/>comp\u00e9tentes qu\u2019en cas d\u2019obligation l\u00e9gale. Ils ne seront pas communiqu\u00e9s \u00e0 des tiers \u00e0 des fins<br \/>commerciales.<\/p><h4>Combien de temps conservons-nous vos donn\u00e9es personnelles ?<\/h4><p>Les enregistrements sont conserv\u00e9s pendant 30 jours maximum, sauf si leur conservation est requise pour<br \/>les enqu\u00eates sur les incidents ou en raison d\u2019une obligation l\u00e9gale.<\/p><h4>Combien de temps conservons-nous vos donn\u00e9es personnelles ?<\/h4><p>Nous ne pouvons acc\u00e9der \u00e0 vos donn\u00e9es ou les supprimer que de mani\u00e8re limit\u00e9e, car elles sont li\u00e9es \u00e0<br \/>votre profil. Nous traiterons vos donn\u00e9es tant que vous nous autorisez \u00e0 vous suivre, \u00e0 \u00eatre amis avec vous<br \/>ou \u00e0 cliquer sur les boutons \u00ab J\u2019aime \u00bb, \u00ab Suivre \u00bb ou similaires.<br \/>Toute correction de vos donn\u00e9es ou restrictions concernant vos informations ou publications doit \u00eatre<br \/>effectu\u00e9e via votre profil ou vos param\u00e8tres utilisateur sur le r\u00e9seau social concern\u00e9.<\/p><h4>Traitons-nous les donn\u00e9es personnelles de tiers ?<\/h4><p>Non, en r\u00e8gle g\u00e9n\u00e9rale, nous traitons uniquement les donn\u00e9es que les personnes concern\u00e9es nous<br \/>fournissent directement. Si vous nous fournissez des donn\u00e9es de tiers, vous devez au pr\u00e9alable les en<br \/>informer et obtenir leur consentement. \u00c0 d\u00e9faut, nous d\u00e9clinons toute responsabilit\u00e9 en cas de non-<br \/>respect de cette obligation.<\/p><h4>Qu\u2019en est-il des donn\u00e9es des mineurs ?<\/h4><p>Nous ne traitons pas les donn\u00e9es des enfants de moins de 14 ans. Par cons\u00e9quent, veuillez vous abstenir de<br \/>fournir de telles donn\u00e9es si vous avez moins de 14 ans ou, le cas \u00e9ch\u00e9ant, de fournir des donn\u00e9es de tiers<br \/>\u00e2g\u00e9s de moins de 14 ans. INGRID Y MAR\u00cdA, S.C. d\u00e9cline toute responsabilit\u00e9 en cas de non-respect de cette<br \/>disposition.<\/p><h4>Communiquerons-nous avec vous par voie \u00e9lectronique ?<\/h4><p>Nous proc\u00e9derons ainsi uniquement pour traiter<br \/>votre demande, si celle-ci provient de l&rsquo;un des moyens de contact que vous nous avez fournis.<br \/>Si nous vous envoyons des communications marketing, vous nous aurez pr\u00e9alablement donn\u00e9 votre accord<br \/>expr\u00e8s.<\/p><h4>Quelles mesures de s\u00e9curit\u00e9 appliquons-nous ?<\/h4><p>Soyez assur\u00e9(e) : nous avons adopt\u00e9 un niveau de protection optimal pour les donn\u00e9es personnelles que<br \/>nous traitons et mis en \u0153uvre tous les moyens techniques et mesures disponibles, conform\u00e9ment aux<br \/>technologies actuelles, afin de pr\u00e9venir la perte, l&rsquo;utilisation abusive, l&rsquo;alt\u00e9ration, l&rsquo;acc\u00e8s non autoris\u00e9 et le<br \/>vol de ces donn\u00e9es.<\/p><h4>\u00c0 qui vos donn\u00e9es seront-elles divulgu\u00e9es ?<\/h4><p>Vos donn\u00e9es ne seront pas transf\u00e9r\u00e9es \u00e0 des tiers, sauf si la loi l\u2019exige. Elles seront notamment<br \/>communiqu\u00e9es \u00e0 l\u2019Agence espagnole des imp\u00f4ts (Agencia Estatal de la Administraci\u00f3n Tributaria) et aux<br \/>banques et \u00e9tablissements financiers pour le recouvrement du paiement du service fourni ou du produit<br \/>achet\u00e9, ainsi qu\u2019aux sous-traitants n\u00e9cessaires \u00e0 l\u2019ex\u00e9cution du contrat.<br \/>En cas d\u2019achat ou de paiement, si vous utilisez une application, un site web, une plateforme, une carte<br \/>bancaire ou tout autre service en ligne, vos donn\u00e9es seront transf\u00e9r\u00e9es \u00e0 cette plateforme ou trait\u00e9es au<br \/>sein de son environnement, toujours avec les normes de s\u00e9curit\u00e9 les plus strictes.<br \/>Sur instruction de notre part, la soci\u00e9t\u00e9 de d\u00e9veloppement et de maintenance web ainsi que l\u2019h\u00e9bergeur<br \/>auront acc\u00e8s \u00e0 notre site web. Ces soci\u00e9t\u00e9s auront sign\u00e9 un contrat de service les obligeant \u00e0 respecter le<br \/>m\u00eame niveau de confidentialit\u00e9 que nous.<br \/>Vos donn\u00e9es ne seront pas transf\u00e9r\u00e9es \u00e0 des tiers, sauf si la loi l\u2019exige. Plus pr\u00e9cis\u00e9ment, vos donn\u00e9es<br \/>seront communiqu\u00e9es \u00e0 l&rsquo;Agence fiscale espagnole (Agencia Estatal de la Administraci\u00f3n Tributaria) et aux<br \/>banques et \u00e9tablissements financiers pour le recouvrement du paiement du service fourni ou du produit<br \/>achet\u00e9, ainsi qu&rsquo;aux sous-traitants n\u00e9cessaires \u00e0 l&rsquo;ex\u00e9cution du contrat.<br \/>En cas d&rsquo;achat ou de paiement, si vous utilisez une application, un site web, une plateforme, une carte<br \/>bancaire ou tout autre service en ligne, vos donn\u00e9es seront transf\u00e9r\u00e9es vers cette plateforme ou trait\u00e9es au<br \/>sein de son environnement, toujours avec les normes de s\u00e9curit\u00e9 les plus strictes. Lors d&rsquo;un paiement par<br \/>carte, les donn\u00e9es seront collect\u00e9es par la banque propri\u00e9taire du terminal de paiement virtuel.<\/p><p>Sur instruction de notre part, la soci\u00e9t\u00e9 de d\u00e9veloppement et de maintenance web, ou la soci\u00e9t\u00e9<br \/>d&rsquo;h\u00e9bergement, aura acc\u00e8s \u00e0 notre site web. Ces soci\u00e9t\u00e9s auront sign\u00e9 un contrat de service les obligeant \u00e0<br \/>respecter le m\u00eame niveau de confidentialit\u00e9 que nous. Des transferts internationaux de donn\u00e9es peuvent<br \/>avoir lieu lors de l&rsquo;utilisation d&rsquo;applications am\u00e9ricaines. Toutefois, ces transferts seront effectu\u00e9s vers des<br \/>entit\u00e9s ayant d\u00e9montr\u00e9 leur conformit\u00e9 au niveau de protection et aux garanties pr\u00e9vus par la<br \/>r\u00e9glementation en vigueur en mati\u00e8re de protection des donn\u00e9es, telle que le R\u00e8glement europ\u00e9en, ou<br \/>lorsqu&rsquo;il existe une base l\u00e9gale pour effectuer le transfert international.<\/p><h4>Quels sont vos droits ?<\/h4><ul><li>Savoir si nous traitons vos donn\u00e9es.<\/li><li>Acc\u00e9der \u00e0 vos donn\u00e9es personnelles.<\/li><li>Demander la rectification de vos donn\u00e9es si elles sont inexactes.<\/li><li>Demander l\u2019effacement de vos donn\u00e9es si leur conservation n\u2019est plus n\u00e9cessaire aux fins pour<br \/>lesquelles elles ont \u00e9t\u00e9 collect\u00e9es ou si vous retirez votre consentement.<\/li><li>Demander la limitation du traitement de vos donn\u00e9es dans certaines circonstances, auquel cas<br \/>nous les conserverons uniquement conform\u00e9ment \u00e0 la r\u00e9glementation en vigueur.<\/li><li>Exercer le droit \u00e0 la portabilit\u00e9 des donn\u00e9es : vous recevrez vos donn\u00e9es dans un format structur\u00e9,<br \/>couramment utilis\u00e9 et lisible par machine. Si vous le souhaitez, nous pouvons les transmettre au<br \/>nouveau responsable du traitement que vous d\u00e9signerez. Ce droit n\u2019est valable que dans certaines<br \/>circonstances.<\/li><li>D\u00e9poser une plainte aupr\u00e8s de l\u2019Agence espagnole de protection des donn\u00e9es ou de toute autre<br \/>autorit\u00e9 de contr\u00f4le comp\u00e9tente si vous estimez que nous n\u2019avons pas trait\u00e9 votre demande<br \/>correctement.<\/li><li>Retirer votre consentement \u00e0 tout moment pour tout traitement auquel vous avez consenti.<\/li><li>Si vos donn\u00e9es changent, veuillez nous en informer afin que nous puissions mettre \u00e0 jour nos<br \/>dossiers.<br \/>Avez-vous besoin d&rsquo;un formulaire pour exercer vos droits ?<\/li><li>Des formulaires sont \u00e0 votre disposition pour exercer vos droits. Vous pouvez les demander par<br \/>courriel ou, si vous pr\u00e9f\u00e9rez, utiliser les formulaires fournis par l&rsquo;Agence espagnole de protection<br \/>des donn\u00e9es ou d&rsquo;autres organismes tiers.<\/li><li>Ces formulaires doivent \u00eatre sign\u00e9s \u00e9lectroniquement ou accompagn\u00e9s d&rsquo;une photocopie de votre<br \/>pi\u00e8ce d&rsquo;identit\u00e9.<\/li><li>Si vous \u00eates repr\u00e9sent\u00e9(e), vous devez joindre une copie de la pi\u00e8ce d&rsquo;identit\u00e9 de votre<br \/>repr\u00e9sentant ou lui faire signer le formulaire \u00e9lectroniquement.<\/li><li>Les formulaires peuvent \u00eatre d\u00e9pos\u00e9s en personne, envoy\u00e9s par courrier postal ou par courriel \u00e0 l&rsquo;adresse du responsable du traitement des donn\u00e9es indiqu\u00e9e au d\u00e9but de ce document.<\/li><\/ul><h4>Quel est le d\u00e9lai de r\u00e9ponse \u00e0 votre demande d&rsquo;exercice de vos droits ?<\/h4><p>Cela d\u00e9pend du droit concern\u00e9, mais il est d&rsquo;un mois maximum \u00e0 compter de votre demande, et de<br \/>deux mois si le dossier est particuli\u00e8rement complexe et que nous vous informons que nous avons<br \/>besoin de plus de temps.<\/p><h4>Utilisons-nous des cookies ?<\/h4><p>Si nous utilisons des cookies autres que ceux strictement n\u00e9cessaires, vous pouvez consulter notre<br \/>politique en mati\u00e8re de cookies via le lien situ\u00e9 en bas de notre site web.<\/p><h4>Combien de temps conservons-nous vos donn\u00e9es personnelles ?<\/h4><p>Vos donn\u00e9es personnelles seront conserv\u00e9es tant que vous resterez en relation avec nous.<br \/>Une fois votre relation avec nous termin\u00e9e, les donn\u00e9es personnelles trait\u00e9es pour chaque finalit\u00e9<br \/>seront conserv\u00e9es pendant les dur\u00e9es l\u00e9gales, y compris la p\u00e9riode pendant laquelle un juge ou un<br \/>tribunal pourrait les exiger, compte tenu du d\u00e9lai de prescription applicable. Les donn\u00e9es trait\u00e9es<br \/>seront conserv\u00e9es jusqu&rsquo;\u00e0 l&rsquo;expiration des d\u00e9lais l\u00e9gaux susmentionn\u00e9s, s&rsquo;il existe une obligation<br \/>l\u00e9gale de conservation, ou, en l&rsquo;absence d&rsquo;une telle obligation, jusqu&rsquo;\u00e0 ce que la personne<br \/>concern\u00e9e demande leur suppression ou retire son consentement.<br \/>Nous conserverons toutes les informations et communications relatives \u00e0 votre achat ou \u00e0 la<br \/>fourniture de notre service pendant toute la dur\u00e9e des garanties du produit ou du service, afin de<br \/>pouvoir traiter toute r\u00e9clamation \u00e9ventuelle.<\/p>\t\t\t\t\t\t\t\t<\/div>\n\t\t\t\t<\/div>\n\t\t\t\t\t<\/div>\n\t\t<\/div>\n\t\t\t\t\t<\/div>\n\t\t<\/section>\n\t\t\t\t<\/div>\n\t\t","protected":false},"excerpt":{"rendered":"<p>Home \/ Politique de confidentialit\u00e9 Politique de confidentialit\u00e9 Politique de confidentialit\u00e9 du site web de l&rsquo;h\u00f4tel Boutique H\u00e9l\u00e8ne Fuerteventura Cette politique de confidentialit\u00e9 fait partie int\u00e9grante des conditions g\u00e9n\u00e9rales d&rsquo;utilisation de ce site web.Le responsable du traitement des donn\u00e9es est :INGRID Y MAR\u00cdA, S.C.Adresse : C\/ Poris, n\u00ba 10, Corralejo, 35660, La Oliva, Fuerteventura.N\u00b0 TVA [&hellip;]<\/p>\n","protected":false},"author":1,"featured_media":0,"parent":0,"menu_order":0,"comment_status":"closed","ping_status":"closed","template":"","meta":{"footnotes":""},"class_list":["post-2510","page","type-page","status-publish","hentry"],"_links":{"self":[{"href":"https:\/\/helenefuerteventura.com\/fr\/wp-json\/wp\/v2\/pages\/2510","targetHints":{"allow":["GET"]}}],"collection":[{"href":"https:\/\/helenefuerteventura.com\/fr\/wp-json\/wp\/v2\/pages"}],"about":[{"href":"https:\/\/helenefuerteventura.com\/fr\/wp-json\/wp\/v2\/types\/page"}],"author":[{"embeddable":true,"href":"https:\/\/helenefuerteventura.com\/fr\/wp-json\/wp\/v2\/users\/1"}],"replies":[{"embeddable":true,"href":"https:\/\/helenefuerteventura.com\/fr\/wp-json\/wp\/v2\/comments?post=2510"}],"version-history":[{"count":5,"href":"https:\/\/helenefuerteventura.com\/fr\/wp-json\/wp\/v2\/pages\/2510\/revisions"}],"predecessor-version":[{"id":2517,"href":"https:\/\/helenefuerteventura.com\/fr\/wp-json\/wp\/v2\/pages\/2510\/revisions\/2517"}],"wp:attachment":[{"href":"https:\/\/helenefuerteventura.com\/fr\/wp-json\/wp\/v2\/media?parent=2510"}],"curies":[{"name":"wp","href":"https:\/\/api.w.org\/{rel}","templated":true}]}}