{"id":1354,"date":"2023-08-07T10:21:54","date_gmt":"2023-08-07T10:21:54","guid":{"rendered":"https:\/\/helenefuerteventura.com\/politica-de-cookies\/"},"modified":"2023-10-24T07:33:58","modified_gmt":"2023-10-24T07:33:58","slug":"cookie-richtlinie","status":"publish","type":"page","link":"https:\/\/helenefuerteventura.com\/de\/cookie-richtlinie\/","title":{"rendered":"Cookie-Richtlinie"},"content":{"rendered":"\t\t<div data-elementor-type=\"wp-page\" data-elementor-id=\"1354\" class=\"elementor elementor-1354 elementor-47\">\n\t\t\t\t\t\t<section class=\"elementor-section elementor-top-section elementor-element elementor-element-5150d17 elementor-section-content-middle elementor-section-height-min-height elementor-section-boxed elementor-section-height-default elementor-section-items-middle\" data-id=\"5150d17\" data-element_type=\"section\" data-e-type=\"section\" data-settings=\"{&quot;background_background&quot;:&quot;classic&quot;}\">\n\t\t\t\t\t\t\t<div class=\"elementor-background-overlay\"><\/div>\n\t\t\t\t\t\t\t<div class=\"elementor-container elementor-column-gap-default\">\n\t\t\t\t\t<div class=\"elementor-column elementor-col-100 elementor-top-column elementor-element elementor-element-68dbca1\" data-id=\"68dbca1\" data-element_type=\"column\" data-e-type=\"column\">\n\t\t\t<div class=\"elementor-widget-wrap elementor-element-populated\">\n\t\t\t\t\t\t<div class=\"elementor-element elementor-element-f561919 elementor-icon-list--layout-inline elementor-align-center elementor-list-item-link-full_width elementor-widget elementor-widget-icon-list\" data-id=\"f561919\" data-element_type=\"widget\" data-e-type=\"widget\" data-widget_type=\"icon-list.default\">\n\t\t\t\t<div class=\"elementor-widget-container\">\n\t\t\t\t\t\t\t<ul class=\"elementor-icon-list-items elementor-inline-items\">\n\t\t\t\t\t\t\t<li class=\"elementor-icon-list-item elementor-inline-item\">\n\t\t\t\t\t\t\t\t\t\t\t<a href=\"\/de\/\">\n\n\t\t\t\t\t\t\t\t\t\t\t<span class=\"elementor-icon-list-text\">Heim<\/span>\n\t\t\t\t\t\t\t\t\t\t\t<\/a>\n\t\t\t\t\t\t\t\t\t<\/li>\n\t\t\t\t\t\t\t\t<li class=\"elementor-icon-list-item elementor-inline-item\">\n\t\t\t\t\t\t\t\t\t\t<span class=\"elementor-icon-list-text\">\/<\/span>\n\t\t\t\t\t\t\t\t\t<\/li>\n\t\t\t\t\t\t\t\t<li class=\"elementor-icon-list-item elementor-inline-item\">\n\t\t\t\t\t\t\t\t\t\t<span class=\"elementor-icon-list-text\">Cookie-Richtlinie<\/span>\n\t\t\t\t\t\t\t\t\t<\/li>\n\t\t\t\t\t\t<\/ul>\n\t\t\t\t\t\t<\/div>\n\t\t\t\t<\/div>\n\t\t\t\t<div class=\"elementor-element elementor-element-d39e169 elementor-invisible elementor-widget elementor-widget-heading\" data-id=\"d39e169\" data-element_type=\"widget\" data-e-type=\"widget\" data-settings=\"{&quot;_animation&quot;:&quot;fadeInUp&quot;}\" data-widget_type=\"heading.default\">\n\t\t\t\t<div class=\"elementor-widget-container\">\n\t\t\t\t\t<h1 class=\"elementor-heading-title elementor-size-default\">Cookie-Richtlinie<\/h1>\t\t\t\t<\/div>\n\t\t\t\t<\/div>\n\t\t\t\t<div class=\"elementor-element elementor-element-56f110e elementor-widget elementor-widget-text-editor\" data-id=\"56f110e\" data-element_type=\"widget\" data-e-type=\"widget\" data-widget_type=\"text-editor.default\">\n\t\t\t\t<div class=\"elementor-widget-container\">\n\t\t\t\t\t\t\t\t\t<p>Cookie-Richtlinie der Hotelseite Boutique H\u00e9l\u00e8ne Fuerteventura<\/p>\t\t\t\t\t\t\t\t<\/div>\n\t\t\t\t<\/div>\n\t\t\t\t\t<\/div>\n\t\t<\/div>\n\t\t\t\t\t<\/div>\n\t\t<\/section>\n\t\t\t\t<section class=\"elementor-section elementor-top-section elementor-element elementor-element-509d4f2 elementor-section-boxed elementor-section-height-default elementor-section-height-default\" data-id=\"509d4f2\" data-element_type=\"section\" data-e-type=\"section\">\n\t\t\t\t\t\t<div class=\"elementor-container elementor-column-gap-default\">\n\t\t\t\t\t<div class=\"elementor-column elementor-col-100 elementor-top-column elementor-element elementor-element-838caed\" data-id=\"838caed\" data-element_type=\"column\" data-e-type=\"column\">\n\t\t\t<div class=\"elementor-widget-wrap elementor-element-populated\">\n\t\t\t\t\t\t<div class=\"elementor-element elementor-element-e6020e6 elementor-widget elementor-widget-text-editor\" data-id=\"e6020e6\" data-element_type=\"widget\" data-e-type=\"widget\" data-widget_type=\"text-editor.default\">\n\t\t\t\t<div class=\"elementor-widget-container\">\n\t\t\t\t\t\t\t\t\t<p>Artikel 22.2 des LSSI legt fest, dass Datenspeicher- und -wiederherstellungsger\u00e4te in den Endger\u00e4ten der Empf\u00e4nger verwendet werden d\u00fcrfen, sofern diese ihre Einwilligung gegeben haben, nachdem ihnen klare und vollst\u00e4ndige Informationen \u00fcber ihre Verwendung, insbesondere \u00fcber die Zwecke der Datenverarbeitung, zur Verf\u00fcgung gestellt wurden gem\u00e4\u00df den Bestimmungen der Verordnung (EU) 2016\/679. In diesem Zusammenhang k\u00f6nnen Cookies auf Ihrem Computer abgelegt werden. Hierbei handelt es sich um kleine Dateien, deren Zweck es ist, sich die besuchten Seiten zu merken, um die zuk\u00fcnftige Navigation zu erleichtern.<\/p><p>Sie k\u00f6nnen Cookies l\u00f6schen, indem Sie die entsprechende Option Ihres Browsers ausw\u00e4hlen. Sie k\u00f6nnen alle Cookies jederzeit \u00fcber die entsprechende Option in Ihrem Browser l\u00f6schen.<\/p><h2>Arten der verwendeten Cookies und Zwecke:<\/h2><p>Das von der Website verwendete Betriebssystem erfasst Benutzer-\/Besucherdaten \u00fcber seine eigenen Cookies zum Zweck der Verwaltung des Website-Inhalts, sofern Sie der Cookie-Richtlinie ausdr\u00fccklich zugestimmt haben.<\/p><p>Die Website nutzt Dienste von Drittanbietern wie gstatic.com und Google, die Cookies verwenden, die gleichzeitig mit dem Besuch der Website durch den Besucher gespeichert werden, um geografische Standorte anzuzeigen, Statistiken \u00fcber Besuche auf der Website zu erstellen und mit Interessenten zu verlinken welche Dienstleistungen es erbringt. Diese Cookies werden vollst\u00e4ndig von gstatic.com und Google verwaltet. Der Nutzer der Website stimmt der zweckgebundenen Nutzung ausdr\u00fccklich zu.<\/p><p>Wenn Sie nicht zustimmen, m\u00fcssen Sie die Website zu diesem Zeitpunkt verlassen oder Cookies in Ihrem Browser blockieren, wie unten erl\u00e4utert. Wenn Sie weitersurfen, gehen wir davon aus, dass Sie der Nutzung zustimmen.<\/p><h2>Cookie-Anleitung:<\/h2><p>Ausgenommen sind Cookies zur Information und Einwilligung: Dies w\u00e4ren diejenigen, deren Zweck ist:<\/p><ul><li>Benutzereingabe-Cookies.<\/li><li>Authentifizierungs- oder Benutzeridentifikations-Cookies (nur Sitzung).<\/li><li>Benutzersicherheitscookies.<\/li><li>Media Player-Sitzungscookies.<\/li><li>Sitzungscookies f\u00fcr den Lastausgleich.<\/li><li>Cookies zur Anpassung der Benutzeroberfl\u00e4che.<\/li><li>Plug-in-Cookies zum Austausch sozialer Inhalte.<\/li><\/ul><p>Klassifizierung von Cookies, die der Information und Einwilligung unterliegen, laut einem Bericht der spanischen Datenschutzbeh\u00f6rde:<\/p><p><b>1. Arten von Cookies entsprechend der Stelle, die sie verwaltet:<\/b><\/p><ul><li><b>Eigene Cookies:<\/b> Das sind solche, die von einem vom Herausgeber selbst verwalteten Computer oder einer Domain an das Endger\u00e4t des Nutzers gesendet werden und von dem aus der vom Nutzer gew\u00fcnschte Dienst bereitgestellt wird.<\/li><li><b>Cookies von Drittanbietern:<\/b> Dies sind Cookies, die von einem Computer oder einer Dom\u00e4ne an das Endger\u00e4t des Benutzers gesendet werden, die nicht vom Herausgeber verwaltet wird, sondern von einer anderen Stelle, die die durch Cookies erhaltenen Daten verarbeitet ..Falls die Cookies von einem Computer oder einer Dom\u00e4ne aus installiert werden, die vom Herausgeber selbst verwaltet wird, die \u00fcber sie gesammelten Informationen jedoch von einem Dritten verwaltet werden, k\u00f6nnen sie nicht als eigene Cookies betrachtet werden.<\/li><\/ul><p><b>2. Arten von Cookies entsprechend der Dauer, die sie auf dem Endger\u00e4t des Benutzers aktiv bleiben:<\/b><\/p><ul><li><b>Sitzungscookies:<\/b> Hierbei handelt es sich um eine Art von Cookies, die dazu dienen, Daten zu sammeln und zu speichern, w\u00e4hrend der Benutzer auf eine Webseite zugreift.<\/li><li><b>Persistente Cookies:<\/b> Hierbei handelt es sich um eine Art von Cookies, bei denen die Daten weiterhin im Endger\u00e4t gespeichert werden und f\u00fcr einen vom Cookie-Verantwortlichen festgelegten Zeitraum abgerufen und verarbeitet werden k\u00f6nnen kann zwischen einigen Minuten und mehreren Jahren liegen.<\/li><\/ul><p><b>3. Arten von Cookies nach ihrem Zweck:<\/b><\/p><ul><li><b>Technische Cookies:<\/b> Dabei handelt es sich um solche, die es dem Benutzer erm\u00f6glichen, durch eine Webseite, Plattform oder Anwendung zu navigieren und die verschiedenen dort vorhandenen Optionen oder Dienste zu nutzen, wie zum Beispiel die Steuerung des Datenverkehrs und Datenkommunikation, Identifizierung der Sitzung, Zugriff auf Teile mit eingeschr\u00e4nktem Zugriff, Merken der Elemente, aus denen eine Bestellung besteht, Durchf\u00fchrung des Kaufvorgangs einer Bestellung, Stellen der Anfrage zur Registrierung oder Teilnahme an einer Veranstaltung, Verwendung von Sicherheitselementen beim Surfen, Speichern von Inhalten zum Ausstrahlen von Videos oder Ton oder zum Teilen von Inhalten \u00fcber soziale Netzwerke.<\/li><li><b>Personalisierungs-Cookies:<\/b> Das sind Cookies, die es dem Benutzer erm\u00f6glichen, auf den Dienst mit einigen vordefinierten allgemeinen Merkmalen zuzugreifen, die auf einer Reihe von Kriterien auf dem Endger\u00e4t des Benutzers basieren, wie z. B. Sprache, Art des Browsers, \u00fcber den Sie zugreifen der Dienst, die regionale Konfiguration, von der aus Sie auf den Dienst zugreifen usw.<\/li><li><b>Analyse-Cookies:<\/b> Das sind Cookies, die es dem Verantwortlichen erm\u00f6glichen, das Verhalten der Nutzer der Websites, mit denen sie verlinkt sind, zu \u00fcberwachen und zu analysieren. Die durch diese Art von Cookies gesammelten Informationen werden verwendet, um die Aktivit\u00e4t der Websites, Anwendungen oder Plattformen zu messen und Navigationsprofile der Benutzer dieser Websites, Anwendungen und Plattformen zu erstellen, um auf der Grundlage der Analyse der Nutzungsdaten Verbesserungen einzuf\u00fchren von Nutzern des Dienstes erstellt.<\/li><li><b>Werbe-Cookies:<\/b> Das sind Cookies, die eine m\u00f6glichst effiziente Verwaltung der Werbefl\u00e4chen erm\u00f6glichen, die der Herausgeber gegebenenfalls in eine Webseite, Anwendung oder Plattform eingef\u00fcgt hat derjenige, der den angeforderten Dienst basierend auf Kriterien wie dem bearbeiteten Inhalt oder der H\u00e4ufigkeit, mit der die Anzeigen angezeigt werden, bereitstellt.<\/li><li><b>Verhaltensbezogene Werbe-Cookies:<\/b> Dabei handelt es sich um Cookies, die eine m\u00f6glichst effiziente Verwaltung der Werbefl\u00e4chen erm\u00f6glichen, die der Herausgeber gegebenenfalls in eine Webseite, Anwendung oder Plattform eingef\u00fcgt hat von dem aus die angeforderte Leistung erbracht wird. Diese Cookies speichern Informationen \u00fcber das Nutzerverhalten, die durch kontinuierliche Beobachtung ihrer Surfgewohnheiten gewonnen werden, was die Entwicklung eines spezifischen Profils erm\u00f6glicht, um darauf basierende Werbung anzuzeigen.<\/li><\/ul><p>Sie k\u00f6nnen die auf Ihrem Computer installierten Cookies zulassen, blockieren oder l\u00f6schen, indem Sie die Optionen des auf Ihrem Computer oder Mobilger\u00e4t installierten Browsers konfigurieren. F\u00fcr weitere Informationen klicken Sie auf den Link, der Ihrem Browser entspricht:<\/p><ul><li>Firefox: <a href=\"http:\/\/support.mozilla.org\/es\/kb\/habilitar-y-deshabilitar-cookies-que-los-sitios-web\" rel=\"nofollow noopener\" target=\"_blank\">http:\/\/support.mozilla.org \/de\/kb\/cookies-auf-websites-aktivieren-und-deaktivieren<\/a><\/li><li>Chrome: <a href=\"http:\/\/support.google.com\/chrome\/bin\/answer.py?hl=es&amp;answer=95647\" rel=\"nofollow noopener\" target=\"_blank\">http:\/\/support.google.com\/chrome\/bin \/answer.py?hl=de&amp;answer=95647<\/a><\/li><li>Explorer: <a href=\"http:\/\/windows.microsoft.com\/es-es\/windows7\/how-to-manage-cookies-in-internet-explorer-9\" rel=\"nofollow noopener\" target=\"_blank\">http:\/\/windows.microsoft .com\/es-es\/windows7\/how-to-manage-cookies-in-internet-explorer-9<\/a><\/li><li>Safari: <a href=\"http:\/\/support.apple.com\/kb\/ph5042\" rel=\"nofollow noopener\" target=\"_blank\">http:\/\/support.apple.com\/kb\/ph5042<\/a><\/li><li>Safari \u2013 IOS: <a href=\"http:\/\/support.apple.com\/kb\/HT1677?viewlocale=es_ES&amp;locale=es_ES\" rel=\"nofollow noopener\" target=\"_blank\">http:\/\/support.apple.com\/kb\/HT1677?viewlocale =es_ES&amp;locale=es_ES<\/a><\/li><\/ul><h2>Informationen \u00fcber Benutzer<\/h2><p>Zum Zweck der Sicherheit und der Zusammenarbeit mit Justice zeichnen wir Ihre IP-Daten (Internet Protocol) auf, die dem Teilnehmer zugewiesen sind, der zum Zeitpunkt der Verbindung mit dieser Website Eigent\u00fcmer der Telefonleitung ist. Die Daten werden vom Dienstleister f\u00fcr die in den geltenden Rechtsvorschriften festgelegte Zeitspanne aufbewahrt.<\/p><p><b>Rechte auf Zugriff, Berichtigung, Widerspruch, L\u00f6schung, Einschr\u00e4nkung, keine automatisierten Entscheidungen und Portabilit\u00e4t.<\/b><\/p><p>Diese Rechte k\u00f6nnen nach Anerkennung der Pers\u00f6nlichkeit in den in der Datenschutz-Grundverordnung festgelegten Formen und Fristen durch Schreiben an die im Impressum dieser Website angegebene Postanschrift geltend gemacht werden.<\/p><p>Die Verarbeitung personenbezogener Daten und gegebenenfalls die \u00dcbermittlung von Mitteilungen auf elektronischem Wege unterliegen den Bestimmungen der Allgemeinen Datenschutzverordnung, des Organgesetzes 15\/1999 vom 13. Dezember \u00fcber den Schutz personenbezogener Daten und des Gesetzes 34\/2002 vom 11. Juli \u00fcber Dienste der Informationsgesellschaft und elektronischen Handel.<\/p>\t\t\t\t\t\t\t\t<\/div>\n\t\t\t\t<\/div>\n\t\t\t\t\t<\/div>\n\t\t<\/div>\n\t\t\t\t\t<\/div>\n\t\t<\/section>\n\t\t\t\t<\/div>\n\t\t","protected":false},"excerpt":{"rendered":"<p>Heim \/ Cookie-Richtlinie Cookie-Richtlinie Cookie-Richtlinie der Hotelseite Boutique H\u00e9l\u00e8ne Fuerteventura Artikel 22.2 des LSSI legt fest, dass Datenspeicher- und -wiederherstellungsger\u00e4te in den Endger\u00e4ten der Empf\u00e4nger verwendet werden d\u00fcrfen, sofern diese ihre Einwilligung gegeben haben, nachdem ihnen klare und vollst\u00e4ndige Informationen \u00fcber ihre Verwendung, insbesondere \u00fcber die Zwecke der Datenverarbeitung, zur Verf\u00fcgung gestellt wurden gem\u00e4\u00df den [&hellip;]<\/p>\n","protected":false},"author":1,"featured_media":0,"parent":0,"menu_order":0,"comment_status":"closed","ping_status":"closed","template":"","meta":{"footnotes":""},"class_list":["post-1354","page","type-page","status-publish","hentry"],"_links":{"self":[{"href":"https:\/\/helenefuerteventura.com\/de\/wp-json\/wp\/v2\/pages\/1354","targetHints":{"allow":["GET"]}}],"collection":[{"href":"https:\/\/helenefuerteventura.com\/de\/wp-json\/wp\/v2\/pages"}],"about":[{"href":"https:\/\/helenefuerteventura.com\/de\/wp-json\/wp\/v2\/types\/page"}],"author":[{"embeddable":true,"href":"https:\/\/helenefuerteventura.com\/de\/wp-json\/wp\/v2\/users\/1"}],"replies":[{"embeddable":true,"href":"https:\/\/helenefuerteventura.com\/de\/wp-json\/wp\/v2\/comments?post=1354"}],"version-history":[{"count":0,"href":"https:\/\/helenefuerteventura.com\/de\/wp-json\/wp\/v2\/pages\/1354\/revisions"}],"wp:attachment":[{"href":"https:\/\/helenefuerteventura.com\/de\/wp-json\/wp\/v2\/media?parent=1354"}],"curies":[{"name":"wp","href":"https:\/\/api.w.org\/{rel}","templated":true}]}}