{"id":1348,"date":"2023-08-07T10:21:10","date_gmt":"2023-08-07T10:21:10","guid":{"rendered":"https:\/\/helenefuerteventura.com\/aviso-legal\/"},"modified":"2024-02-15T14:49:48","modified_gmt":"2024-02-15T14:49:48","slug":"rechtliche-warnung","status":"publish","type":"page","link":"https:\/\/helenefuerteventura.com\/de\/rechtliche-warnung\/","title":{"rendered":"Rechtliche Warnung"},"content":{"rendered":"\t\t<div data-elementor-type=\"wp-page\" data-elementor-id=\"1348\" class=\"elementor elementor-1348 elementor-41\">\n\t\t\t\t\t\t<section class=\"elementor-section elementor-top-section elementor-element elementor-element-50f5429 elementor-section-content-middle elementor-section-height-min-height elementor-section-boxed elementor-section-height-default elementor-section-items-middle\" data-id=\"50f5429\" data-element_type=\"section\" data-e-type=\"section\" data-settings=\"{&quot;background_background&quot;:&quot;classic&quot;}\">\n\t\t\t\t\t\t\t<div class=\"elementor-background-overlay\"><\/div>\n\t\t\t\t\t\t\t<div class=\"elementor-container elementor-column-gap-default\">\n\t\t\t\t\t<div class=\"elementor-column elementor-col-100 elementor-top-column elementor-element elementor-element-6df1a56\" data-id=\"6df1a56\" data-element_type=\"column\" data-e-type=\"column\">\n\t\t\t<div class=\"elementor-widget-wrap elementor-element-populated\">\n\t\t\t\t\t\t<div class=\"elementor-element elementor-element-ad9f372 elementor-icon-list--layout-inline elementor-align-center elementor-list-item-link-full_width elementor-widget elementor-widget-icon-list\" data-id=\"ad9f372\" data-element_type=\"widget\" data-e-type=\"widget\" data-widget_type=\"icon-list.default\">\n\t\t\t\t<div class=\"elementor-widget-container\">\n\t\t\t\t\t\t\t<ul class=\"elementor-icon-list-items elementor-inline-items\">\n\t\t\t\t\t\t\t<li class=\"elementor-icon-list-item elementor-inline-item\">\n\t\t\t\t\t\t\t\t\t\t\t<a href=\"\/de\/\">\n\n\t\t\t\t\t\t\t\t\t\t\t<span class=\"elementor-icon-list-text\">Heim<\/span>\n\t\t\t\t\t\t\t\t\t\t\t<\/a>\n\t\t\t\t\t\t\t\t\t<\/li>\n\t\t\t\t\t\t\t\t<li class=\"elementor-icon-list-item elementor-inline-item\">\n\t\t\t\t\t\t\t\t\t\t<span class=\"elementor-icon-list-text\">\/<\/span>\n\t\t\t\t\t\t\t\t\t<\/li>\n\t\t\t\t\t\t\t\t<li class=\"elementor-icon-list-item elementor-inline-item\">\n\t\t\t\t\t\t\t\t\t\t<span class=\"elementor-icon-list-text\">Rechtliche Warnung<\/span>\n\t\t\t\t\t\t\t\t\t<\/li>\n\t\t\t\t\t\t<\/ul>\n\t\t\t\t\t\t<\/div>\n\t\t\t\t<\/div>\n\t\t\t\t<div class=\"elementor-element elementor-element-f1ba8a6 elementor-invisible elementor-widget elementor-widget-heading\" data-id=\"f1ba8a6\" data-element_type=\"widget\" data-e-type=\"widget\" data-settings=\"{&quot;_animation&quot;:&quot;fadeInUp&quot;}\" data-widget_type=\"heading.default\">\n\t\t\t\t<div class=\"elementor-widget-container\">\n\t\t\t\t\t<h1 class=\"elementor-heading-title elementor-size-default\">Rechtliche Warnung<\/h1>\t\t\t\t<\/div>\n\t\t\t\t<\/div>\n\t\t\t\t<div class=\"elementor-element elementor-element-f7c06f5 elementor-widget elementor-widget-text-editor\" data-id=\"f7c06f5\" data-element_type=\"widget\" data-e-type=\"widget\" data-widget_type=\"text-editor.default\">\n\t\t\t\t<div class=\"elementor-widget-container\">\n\t\t\t\t\t\t\t\t\t<p>Rechtliche Informationen der Hotelseite Boutique H\u00e9l\u00e8ne Fuerteventura<\/p>\t\t\t\t\t\t\t\t<\/div>\n\t\t\t\t<\/div>\n\t\t\t\t\t<\/div>\n\t\t<\/div>\n\t\t\t\t\t<\/div>\n\t\t<\/section>\n\t\t\t\t<section class=\"elementor-section elementor-top-section elementor-element elementor-element-ac70779 elementor-section-boxed elementor-section-height-default elementor-section-height-default\" data-id=\"ac70779\" data-element_type=\"section\" data-e-type=\"section\">\n\t\t\t\t\t\t<div class=\"elementor-container elementor-column-gap-default\">\n\t\t\t\t\t<div class=\"elementor-column elementor-col-100 elementor-top-column elementor-element elementor-element-a3ab215\" data-id=\"a3ab215\" data-element_type=\"column\" data-e-type=\"column\">\n\t\t\t<div class=\"elementor-widget-wrap elementor-element-populated\">\n\t\t\t\t\t\t<div class=\"elementor-element elementor-element-0c60720 elementor-widget elementor-widget-text-editor\" data-id=\"0c60720\" data-element_type=\"widget\" data-e-type=\"widget\" data-widget_type=\"text-editor.default\">\n\t\t\t\t<div class=\"elementor-widget-container\">\n\t\t\t\t\t\t\t\t\t<p>Wir freuen uns, dass Sie sich f\u00fcr einen Besuch bei uns entschieden haben. Wir m\u00f6chten, dass Ihr Erlebnis auf unserer Website das bestm\u00f6gliche ist.<\/p><p>Um auf unsere Dienste zuzugreifen, erkl\u00e4ren Sie, dass Sie vollj\u00e4hrig sind und \u00fcber ausreichende Gesch\u00e4ftsf\u00e4higkeit verf\u00fcgen, um unsere Dienste gem\u00e4\u00df Ihrem nationalen Recht zu nutzen. Der Zugriff auf und die Navigation auf der Website oder die Nutzung ihrer Dienste setzt die ausdr\u00fcckliche und vollst\u00e4ndige Annahme aller dieser Allgemeinen Gesch\u00e4ftsbedingungen voraus, einschlie\u00dflich sowohl der f\u00fcr bestimmte Werbeaktionen festgelegten Sonderbedingungen als auch der damit verbundenen Datenschutz- und Cookie-Richtlinien aktuelle Vorschriften zum Schutz personenbezogener Daten. Wir empfehlen Ihnen, diese sorgf\u00e4ltig zu lesen, um zu erfahren, welche Art von Daten \u00fcber unsere Website zu welchen Zwecken erfasst werden und welche damit verbundenen Rechte Sie betreffen.<\/p><h2>1.- Rechtliche Informationen.<\/h2><p>In \u00dcbereinstimmung mit dem Gesetz 34\/2002 vom 11. Juli \u00fcber Dienste der Informationsgesellschaft und elektronischen Handel sind die identifizierenden Daten des Eigent\u00fcmers des Webportals:<\/p><p>INGRID Y MAR\u00cdA, S.C.<br \/>J42949982<br \/>C\/ Poris, n\u00ba10, Corralejo, 35660, La Oliva, Fuerteventura<\/p><p>Registrierungsdaten bei der kanarischen Steuerbeh\u00f6rde mit der Registrierungsnummer 6000243614346, Datum 19. Februar 2021. Das Unternehmen wurde vor der Notarin Mar\u00eda Paz Sams\u00f3 Z\u00e1rate gegr\u00fcndet.<\/p><p>Bei Fragen oder Anregungen k\u00f6nnen Sie uns unter Tel.: 628181884 oder E-Mail: info@helenefuerteventura.com kontaktieren.<\/p><p>Der Zugriff auf die Website setzt die ausdr\u00fcckliche Zustimmung des Benutzers zu diesen Allgemeinen Nutzungsbedingungen voraus, die von ihrem Eigent\u00fcmer jederzeit und ohne vorherige Ank\u00fcndigung ganz oder teilweise ge\u00e4ndert oder durch andere ersetzt werden k\u00f6nnen. Wir empfehlen Ihnen, diese Bedingungen von Zeit zu Zeit aufzurufen, um m\u00f6gliche \u00c4nderungen zu \u00fcberpr\u00fcfen, die im selben Abschnitt ver\u00f6ffentlicht werden.<\/p><h2>2.- Allgemeine Nutzungsbedingungen.<\/h2><p>Die folgenden Allgemeinen Gesch\u00e4ftsbedingungen regeln die Nutzung und den Zugang zum Webportal, deren Zweck darin besteht, Richtlinien f\u00fcr die ordnungsgem\u00e4\u00dfe Nutzung und das ordnungsgem\u00e4\u00dfe Verhalten desselben festzulegen. INGRID Y MAR\u00cdA, S.C. stellt den Benutzern Informationen \u00fcber die Nutzung, die Dienste und die im Web gehosteten Inhalte zur Verf\u00fcgung. Dadurch erh\u00e4lt der Nutzer Zugriff auf Informationen zu bestimmten Produkten und Dienstleistungen, Tools und Anwendungen.<\/p><p>Die \u00fcber die Website angebotenen Daten und Informationen \u00fcber Produkte oder Dienstleistungen, Preise und Eigenschaften oder andere relevante Daten werden von Lieferanten und Dritten erstellt, bereitgestellt und aktualisiert. INGRID Y MAR\u00cdA, S.C. ist in keinem Fall f\u00fcr diese Daten und Informationen verantwortlich und \u00fcbernimmt diesbez\u00fcglich keine Verpflichtung.<\/p><p>Der Nutzer verpflichtet sich, die zug\u00e4nglichen Inhalte, Dienste, Anwendungen und Tools angemessen zu nutzen, vorbehaltlich des Gesetzes und dieser Allgemeinen Nutzungsbedingungen sowie gegebenenfalls der Besonderen Bedingungen, die f\u00fcr den Zugriff auf bestimmte Dienste und Anwendungen festgelegt werden k\u00f6nnen , wobei jederzeit die anderen Benutzer desselben respektiert werden.<\/p><p>Im Falle einer vollst\u00e4ndigen oder teilweisen Nichteinhaltung dieser Allgemeinen Nutzungsbedingungen durch den Benutzer ist INGRID Y MAR\u00cdA, S.C. beh\u00e4lt sich das Recht vor, den Zugriff auf die Website ohne vorherige Ank\u00fcndigung an den Benutzer zu verweigern.<\/p><h2>3.- Allgemeine Pflichten des Nutzers.<\/h2><p>Mit der Annahme dieser Allgemeinen Nutzungsbedingungen verpflichtet sich der Nutzer ausdr\u00fccklich:<\/p><ul><li>Ergreifen Sie keine Ma\u00dfnahmen, die darauf abzielen, die Funktionalit\u00e4ten, Tools, Inhalte und\/oder Infrastruktur der Website vor\u00fcbergehend oder dauerhaft zu sch\u00e4digen, zu blockieren, zu sch\u00e4digen, zu deaktivieren oder zu \u00fcberlasten, und zwar in einer Weise, die ihre normale Nutzung verhindert.&lt;\/ li&gt;<\/li><li>Sch\u00fctzen und wahren Sie die Vertraulichkeit der mit Ihrem Benutzernamen verkn\u00fcpften Zugangscodes und haften Sie f\u00fcr die Verwendung dieser pers\u00f6nlichen und nicht \u00fcbertragbaren Zugangscodes durch Dritte.<\/li><li>F\u00fchren Sie keine beleidigenden oder verleumderischen Inhalte ein oder erstellen Sie keine Inhalte, weder von anderen Benutzern noch von Drittunternehmen au\u00dferhalb von INGRID Y MAR\u00cdA, S.C.<\/li><li>Verwenden Sie keine der auf dieser Website enthaltenen Materialien und Informationen f\u00fcr illegale Zwecke und\/oder sind in diesen Allgemeinen Nutzungsbedingungen sowie den besonderen Bedingungen, die gegebenenfalls f\u00fcr bestimmte Anwendungen festgelegt sind, und\/oder ausdr\u00fccklich verboten Dienstprogramme und die im Widerspruch zu den Rechten und Interessen von INGRID Y MAR\u00cdA, S.C., seinen Benutzern und\/oder Dritten stehen.<\/li><li>Bieten Sie anderen Benutzern und Besuchern von INGRID Y MAR\u00cdA, S.C. keine Produkte und Dienstleistungen an oder vertreiben Sie diese nicht und f\u00fchren Sie auch keine unaufgeforderte Werbung oder kommerzielle Kommunikation durch.<\/li><\/ul><p>Der Benutzer haftet f\u00fcr alle Sch\u00e4den jeglicher Art, die INGRID Y MAR\u00cdA, S.C. oder ein Dritter kann durch die Nichteinhaltung einer der Verpflichtungen, denen er aufgrund dieser \u201eAllgemeinen Nutzungsbedingungen\u201c oder des Gesetzes in Bezug auf den Zugriff und\/oder die Nutzung der Seite unterliegt, Schaden erleiden.<\/p><h2>4.- Geistiges und gewerbliches Eigentum.<\/h2><p>Die Website, die Seiten, aus denen sie besteht, und die darin enthaltenen Informationen oder Elemente (einschlie\u00dflich Texte, Dokumente, Fotos, Zeichnungen, grafische Darstellungen, deren Eigent\u00fcmer sie ist oder deren Eigent\u00fcmer Dritte sind, die dem Eigent\u00fcmer die Genehmigung zur Nutzung erteilen). andere) sowie Logos, Marken, Handelsnamen oder andere Unterscheidungszeichen sind durch geistige und\/oder gewerbliche Eigentumsrechte gesch\u00fctzt, von denen INGRID Y MAR\u00cdA, S.C. der Eigent\u00fcmer ist oder von den rechtm\u00e4\u00dfigen Eigent\u00fcmern eine Genehmigung f\u00fcr deren Nutzung und \u00f6ffentliche Kommunikation besitzt.<\/p><p>Der Nutzer verpflichtet sich, die Inhalte sorgf\u00e4ltig und korrekt im Einklang mit Gesetz, Moral und \u00f6ffentlicher Ordnung zu nutzen. INGRID Y MAR\u00cdA, S.C. gestattet dem Nutzer, die auf dieser Website enthaltenen Informationen einzusehen sowie private Vervielf\u00e4ltigungen (einfaches Herunterladen und Speichern in seinen Computersystemen) vorzunehmen, sofern die Elemente ausschlie\u00dflich f\u00fcr den pers\u00f6nlichen Gebrauch bestimmt sind. In keinem Fall bedeutet dies eine Genehmigung oder Lizenz f\u00fcr die Eigentumsrechte von INGRID Y MAR\u00cdA, S.C. oder deren rechtm\u00e4\u00dfige Eigent\u00fcmer.<\/p><p>Der Nutzer ist nicht berechtigt, die auf dieser Website enthaltenen Informationen in irgendeiner Form und zu welchem \u200b\u200bZweck auch immer zu verbreiten, zu \u00e4ndern, zu \u00fcbertragen oder \u00f6ffentlich bekannt zu geben.<\/p><h2>5.- Links.<\/h2><p>Verbindungen und Links zu Websites oder Webseiten Dritter werden ausschlie\u00dflich zu Zwecken der Nutzung durch den Nutzer hergestellt. INGRID Y MAR\u00cdA, S.C. ist in keinem Fall f\u00fcr sie oder deren Inhalt verantwortlich.<\/p><p>INGRID Y MAR\u00cdA, S.C. \u00fcbernimmt keine Verantwortung, die sich aus der Existenz von Links zwischen den Inhalten dieser Website und Inhalten au\u00dferhalb dieser Website oder aus anderen Erw\u00e4hnungen von Inhalten au\u00dferhalb dieser Website ergibt. Solche Links oder Erw\u00e4hnungen dienen ausschlie\u00dflich informativen Zwecken und stellen in keinem Fall eine Unterst\u00fctzung, Genehmigung, Marketing oder irgendeine Beziehung zwischen INGRID Y MAR\u00cdA, S.C. dar. und die nat\u00fcrlichen oder juristischen Personen, die Autoren und\/oder Manager dieser Inhalte oder Eigent\u00fcmer der Websites sind, auf denen sie zu finden sind.<\/p><p>F\u00fcr die Anbringung von Links auf die Webseite ist die ausdr\u00fcckliche schriftliche Genehmigung der Betreiber des Portals erforderlich.<\/p><h2>6.- Verantwortung.<\/h2><p>INGRID Y MAR\u00cdA, S.C. garantiert nicht den dauerhaften Zugriff oder die korrekte Anzeige, das Herunterladen oder die Verwendung der auf den Seiten des Portals enthaltenen Elemente und Informationen, die durch Faktoren oder Umst\u00e4nde, die au\u00dferhalb ihrer Kontrolle oder au\u00dferhalb ihrer Kontrolle liegen, oder durch solche, die verhindert, behindert oder unterbrochen werden k\u00f6nnen entstehen durch die Existenz von Computerviren im Internet.<\/p><p>INGRID Y MAR\u00cdA, S.C. \u00fcbernimmt keine Verantwortung f\u00fcr Sch\u00e4den, Verluste, Anspr\u00fcche oder Ausgaben, die verursacht werden durch:<\/p><ul><li>(i) St\u00f6rungen, Unterbrechungen, Ausf\u00e4lle, Auslassungen, Verz\u00f6gerungen, Blockaden oder Unterbrechungen, die durch Fehler in Telekommunikationsleitungen und -netzen oder durch andere Ursachen verursacht werden, die au\u00dferhalb der Kontrolle von INGRID Y MAR\u00cdA, S.C. liegen.<\/li><li>(ii) Unzul\u00e4ssige Eingriffe durch die Verwendung von Schadprogrammen jeglicher Art und \u00fcber Kommunikationsmittel wie Computerviren oder andere;<\/li><li>(iii) Unsachgem\u00e4\u00dfe oder unangemessene Nutzung der Website von INGRID Y MAR\u00cdA, S.C. (iv) Sicherheits- oder Navigationsfehler, die durch eine Fehlfunktion des Browsers oder durch die Verwendung veralteter Versionen verursacht werden.<\/li><\/ul><p>INGRID Y MAR\u00cdA, S.C. ist gegen\u00fcber Nutzern und Dritten weder verantwortlich noch haftbar f\u00fcr Handlungen Dritter au\u00dfer INGRID Y MAR\u00cdA, S.C. die die Durchf\u00fchrung unlauterer Wettbewerbshandlungen und unerlaubter Werbung oder die Verletzung von geistigen und gewerblichen Eigentumsrechten, Gesch\u00e4ftsgeheimnissen, vertraglichen Verpflichtungen jeglicher Art, dem Recht auf Ehre, der Privatsph\u00e4re sowie der Familie und des Bildes, Eigentumsrechten usw. mit sich bringt oder mit sich bringen kann jeglicher sonstiger Art, die durch die \u00dcbermittlung, Verbreitung, Speicherung, Bereitstellung, den Empfang, den Erhalt oder den Zugriff auf die Inhalte einem Dritten geh\u00f6ren.<\/p><h2>7.- Schutz personenbezogener Daten.<\/h2><p>Die gesamte Richtlinie zur Verarbeitung personenbezogener Daten finden Sie in der Datenschutzerkl\u00e4rung, die ein wesentlicher Bestandteil dieser Allgemeinen Gesch\u00e4ftsbedingungen ist, die wir der Einfachheit halber jedoch in einem separaten Dokument zusammengefasst haben: Datenschutzerkl\u00e4rung.<\/p><h2>8.- Gesetzgebung.<\/h2><p>Dieser rechtliche Hinweis und seine Allgemeinen Gesch\u00e4ftsbedingungen unterliegen der spanischen Gesetzgebung und werden entsprechend ausgelegt. Durch die blo\u00dfe Tatsache, dass er auf die Website zugreift oder den Status eines registrierten Benutzers erh\u00e4lt, erteilt der Benutzer unwiderruflich seine Zustimmung dazu, dass die zust\u00e4ndigen Gerichte standardm\u00e4\u00dfig alle gerichtlichen Schritte anh\u00f6ren k\u00f6nnen, die sich aus diesen Bedingungen ergeben oder damit in Zusammenhang stehen. oder mit Ihrer Nutzung dieser Website oder die von ihr durchgef\u00fchrte Navigation.<\/p><p>Sollte eine Klausel oder ein Abschnitt dieser Allgemeinen Gesch\u00e4ftsbedingungen, die f\u00fcr ihr Bestehen nicht wesentlich ist, f\u00fcr nichtig oder unanwendbar erkl\u00e4rt werden, wird die G\u00fcltigkeit der \u00fcbrigen Klauseln davon nicht ber\u00fchrt.<\/p>\t\t\t\t\t\t\t\t<\/div>\n\t\t\t\t<\/div>\n\t\t\t\t\t<\/div>\n\t\t<\/div>\n\t\t\t\t\t<\/div>\n\t\t<\/section>\n\t\t\t\t<\/div>\n\t\t","protected":false},"excerpt":{"rendered":"<p>Heim \/ Rechtliche Warnung Rechtliche Warnung Rechtliche Informationen der Hotelseite Boutique H\u00e9l\u00e8ne Fuerteventura Wir freuen uns, dass Sie sich f\u00fcr einen Besuch bei uns entschieden haben. Wir m\u00f6chten, dass Ihr Erlebnis auf unserer Website das bestm\u00f6gliche ist. Um auf unsere Dienste zuzugreifen, erkl\u00e4ren Sie, dass Sie vollj\u00e4hrig sind und \u00fcber ausreichende Gesch\u00e4ftsf\u00e4higkeit verf\u00fcgen, um unsere [&hellip;]<\/p>\n","protected":false},"author":1,"featured_media":1242,"parent":0,"menu_order":0,"comment_status":"closed","ping_status":"closed","template":"","meta":{"footnotes":""},"class_list":["post-1348","page","type-page","status-publish","has-post-thumbnail","hentry"],"_links":{"self":[{"href":"https:\/\/helenefuerteventura.com\/de\/wp-json\/wp\/v2\/pages\/1348","targetHints":{"allow":["GET"]}}],"collection":[{"href":"https:\/\/helenefuerteventura.com\/de\/wp-json\/wp\/v2\/pages"}],"about":[{"href":"https:\/\/helenefuerteventura.com\/de\/wp-json\/wp\/v2\/types\/page"}],"author":[{"embeddable":true,"href":"https:\/\/helenefuerteventura.com\/de\/wp-json\/wp\/v2\/users\/1"}],"replies":[{"embeddable":true,"href":"https:\/\/helenefuerteventura.com\/de\/wp-json\/wp\/v2\/comments?post=1348"}],"version-history":[{"count":4,"href":"https:\/\/helenefuerteventura.com\/de\/wp-json\/wp\/v2\/pages\/1348\/revisions"}],"predecessor-version":[{"id":1604,"href":"https:\/\/helenefuerteventura.com\/de\/wp-json\/wp\/v2\/pages\/1348\/revisions\/1604"}],"wp:featuredmedia":[{"embeddable":true,"href":"https:\/\/helenefuerteventura.com\/de\/wp-json\/wp\/v2\/media\/1242"}],"wp:attachment":[{"href":"https:\/\/helenefuerteventura.com\/de\/wp-json\/wp\/v2\/media?parent=1348"}],"curies":[{"name":"wp","href":"https:\/\/api.w.org\/{rel}","templated":true}]}}